{"id":1333,"date":"2026-03-02T12:10:04","date_gmt":"2026-03-02T12:10:04","guid":{"rendered":"https:\/\/vejviseriditliv.dk\/?page_id=1333"},"modified":"2026-03-09T09:21:09","modified_gmt":"2026-03-09T09:21:09","slug":"handelsbetingelser","status":"publish","type":"page","link":"https:\/\/vejviseriditliv.dk\/index.php\/handelsbetingelser\/","title":{"rendered":"Handelsbetingelser"},"content":{"rendered":"<p>[et_pb_section fb_built=&#8221;1&#8243; _builder_version=&#8221;4.27.5&#8243; _module_preset=&#8221;default&#8221; background_color=&#8221;#FFFFFF&#8221; global_colors_info=&#8221;{}&#8221;][et_pb_row _builder_version=&#8221;4.27.5&#8243; _module_preset=&#8221;default&#8221; global_colors_info=&#8221;{}&#8221;][et_pb_column type=&#8221;4_4&#8243; _builder_version=&#8221;4.27.5&#8243; _module_preset=&#8221;default&#8221; global_colors_info=&#8221;{}&#8221;][et_pb_heading title=&#8221;Handelsbetingelser&#8221; _builder_version=&#8221;4.27.5&#8243; _module_preset=&#8221;default&#8221; global_colors_info=&#8221;{}&#8221;][\/et_pb_heading][\/et_pb_column][\/et_pb_row][et_pb_row _builder_version=&#8221;4.27.5&#8243; _module_preset=&#8221;default&#8221; global_colors_info=&#8221;{}&#8221;][et_pb_column type=&#8221;4_4&#8243; _builder_version=&#8221;4.27.5&#8243; _module_preset=&#8221;default&#8221; global_colors_info=&#8221;{}&#8221;][et_pb_text _builder_version=&#8221;4.27.5&#8243; _module_preset=&#8221;default&#8221; hover_enabled=&#8221;0&#8243; global_colors_info=&#8221;{}&#8221; sticky_enabled=&#8221;0&#8243;]<\/p>\n<h4><span class=\"s1\">1. Generelle oplysninger<\/span><span class=\"s1\"><\/span><\/h4>\n<p class=\"p1\"><span class=\"s1\">Virksomhedens navn: Vejviser i dit liv<\/span><\/p>\n<p class=\"p1\"><span class=\"s1\">CVR-nummer: 41 02 30 23<\/span><\/p>\n<p class=\"p1\"><span class=\"s1\">Adresse: <span>Marielundvej 17A 2. sal, 2730 Herlev<\/span><\/span><\/p>\n<p class=\"p1\"><span class=\"s1\">E-mail: <strong>vejviseriditliv@gmail.com<\/strong><\/span><\/p>\n<p class=\"p1\"><span class=\"s1\">Telefonnummer: <span>+45 27 70 90 31<\/span><\/span><\/p>\n<p class=\"p3\"><span class=\"s1\"><\/span><\/p>\n<p class=\"p1\"><span class=\"s1\">Disse handelsbetingelser g\u00e6lder for k\u00f8b af varer og\/eller tjenesteydelser hos Vejviser i dit liv via www.vejviseriditliv.dk.<\/span><\/p>\n<hr \/>\n<h4><span class=\"s1\">2. Aftaleindg\u00e5else<\/span><span class=\"s1\"><\/span><\/h4>\n<p class=\"p1\"><span class=\"s1\">En bindende aftale mellem dig og Vejviser i dit liv er indg\u00e5et, n\u00e5r du har gennemf\u00f8rt behandlingen og modtaget en bekr\u00e6ftelse pr. e-mail.<\/span><\/p>\n<p class=\"p1\"><span class=\"s1\">Vejviser i dit liv forbeholder sig retten til at annullere behandlinger ved trykfejl, prisfejl, lagerfejl eller force majeure.<\/span><\/p>\n<hr \/>\n<h4><span class=\"s1\">3. Priser<\/span><span class=\"s1\"><\/span><\/h4>\n<p class=\"p1\"><span class=\"s1\">Alle priser er angivet i danske kroner (DKK) og er inkl. moms og afgifter, medmindre andet er angivet.<\/span><span class=\"s1\"><\/span><\/p>\n<hr \/>\n<h4><span class=\"s1\">4. Betaling og aflysningspolitik<\/span><span class=\"s1\"><\/span><\/h4>\n<p class=\"p1\"><span style=\"font-weight: 400;\">Betaling skal ske forud ved booking via MobilePay medmindre andet aftales med mig via e-mail.\u00a0<\/span><\/p>\n<p><span style=\"font-weight: 400;\">N\u00e5r du har booket og betalt for en session, er din betaling bindende. Men du har mulighed for at \u00e6ndre din tid uden beregning, hvis du aflyser senest 24 timer f\u00f8r aftalen. Dog ved sygdom s\u00e5 tidligt som muligt samme dag.<\/span><span class=\"s1\"><\/span><\/p>\n<p><span style=\"font-weight: 400;\">Ved udeblivelse uden aflysning mister du din session, og du f\u00e5r ikke refunderet dine penge.\u00a0\u00a0\u00a0\u00a0\u00a0\u00a0\u00a0\u00a0\u00a0\u00a0<\/span><\/p>\n<p><span style=\"font-weight: 400;\"><\/span><\/p>\n<p><span style=\"font-weight: 400;\">N\u00e5r du har booket og betalt for en session, er din betaling bindende. Du har dog mulighed for at \u00e6ndre din tid uden beregninger, hvis du aflyser senest 24 timer f\u00f8r aftalen. Ved sygsom godtages aflysning samme dag s\u00e5 tidligt som muligt.\u00a0<\/span><\/p>\n<p><span style=\"font-weight: 400;\">Ved udeblivelse uden aflysning mister du din session og f\u00e5r ikke en refundering af betaling.\u00a0 \u00a0 \u00a0\u00a0<\/span><\/p>\n<hr \/>\n<h4><span class=\"s1\">5. Tilbagebetaling<\/span><span class=\"s1\"><\/span><\/h4>\n<p class=\"p1\">Vejviser i dit liv tilbyder ikke tilbagebetalinger for gennemf\u00f8rte behandlinger.<\/p>\n<hr \/>\n<h4><span class=\"s1\">6. Persondata<\/span><span class=\"s1\"><\/span><\/h4>\n<p class=\"p1\"><span class=\"s1\">Vi behandler dine personoplysninger i overensstemmelse med g\u00e6ldende databeskyttelseslovgivning.<\/span><\/p>\n<p class=\"p1\"><span class=\"s1\">L\u00e6s mere i vores privatlivspolitik.<\/span><\/p>\n<hr \/>\n<h4><span class=\"s1\">7. Klageadgang<\/span><span class=\"s1\"><\/span><\/h4>\n<p class=\"p1\"><span class=\"s1\">Hvis du vil klage over din behandling, skal du kontakte os p\u00e5 <strong>vejviseriditliv@gmail.com<\/strong>.<\/span><span class=\"s1\"><\/span><\/p>\n<p class=\"p1\"><span class=\"s1\">Hvis det ikke lykkes at finde en l\u00f8sning, kan du indgive en klage til:<\/span><\/p>\n<p class=\"p1\"><span class=\"s1\">N\u00e6vnenes Hus, Toldboden 2, 8800 Viborg<\/span><\/p>\n<p class=\"p1\"><span class=\"s1\">www.naevneneshus.dk<\/span><span class=\"s1\"><\/span><\/p>\n<p class=\"p1\"><span class=\"s1\">Forbrugere bosat i et andet EU-land kan anvende EU-Kommissionens online klageportal:<\/span><\/p>\n<p class=\"p1\"><span class=\"s1\">https:\/\/ec.europa.eu\/odr<\/span><\/p>\n<hr \/>\n<h4><span class=\"s1\">8. Lovvalg og v\u00e6rneting<\/span><span class=\"s1\"><\/span><\/h4>\n<p class=\"p1\"><span class=\"s1\">Enhver tvist afg\u00f8res efter dansk ret med de danske domstole som v\u00e6rneting.<\/span><\/p>\n<p>[\/et_pb_text][\/et_pb_column][\/et_pb_row][\/et_pb_section]<\/p>\n","protected":false},"excerpt":{"rendered":"<p>1. Generelle oplysninger Virksomhedens navn: Vejviser i dit liv CVR-nummer: 41 02 30 23 Adresse: Marielundvej 17A 2. sal, 2730 Herlev E-mail: vejviseriditliv@gmail.com Telefonnummer: +45 27 70 90 31 Disse handelsbetingelser g\u00e6lder for k\u00f8b af varer og\/eller tjenesteydelser hos Vejviser i dit liv via www.vejviseriditliv.dk. 2. Aftaleindg\u00e5else En bindende aftale mellem dig og Vejviser i [&hellip;]<\/p>\n","protected":false},"author":1,"featured_media":0,"parent":0,"menu_order":0,"comment_status":"closed","ping_status":"closed","template":"","meta":{"_et_pb_use_builder":"on","_et_pb_old_content":"","_et_gb_content_width":"","footnotes":""},"class_list":["post-1333","page","type-page","status-publish","hentry"],"yoast_head":"<!-- This site is optimized with the Yoast SEO plugin v27.5 - https:\/\/yoast.com\/product\/yoast-seo-wordpress\/ -->\n<title>Handelsbetingelser - Mette Jones<\/title>\n<meta name=\"robots\" content=\"index, follow, max-snippet:-1, max-image-preview:large, max-video-preview:-1\" \/>\n<link rel=\"canonical\" href=\"https:\/\/vejviseriditliv.dk\/index.php\/handelsbetingelser\/\" \/>\n<meta property=\"og:locale\" content=\"da_DK\" \/>\n<meta property=\"og:type\" content=\"article\" \/>\n<meta property=\"og:title\" content=\"Handelsbetingelser - Mette Jones\" \/>\n<meta property=\"og:description\" content=\"1. Generelle oplysninger Virksomhedens navn: Vejviser i dit liv CVR-nummer: 41 02 30 23 Adresse: Marielundvej 17A 2. sal, 2730 Herlev E-mail: vejviseriditliv@gmail.com Telefonnummer: +45 27 70 90 31 Disse handelsbetingelser g\u00e6lder for k\u00f8b af varer og\/eller tjenesteydelser hos Vejviser i dit liv via www.vejviseriditliv.dk. 2. Aftaleindg\u00e5else En bindende aftale mellem dig og Vejviser i [&hellip;]\" \/>\n<meta property=\"og:url\" content=\"https:\/\/vejviseriditliv.dk\/index.php\/handelsbetingelser\/\" \/>\n<meta property=\"og:site_name\" content=\"Mette Jones\" \/>\n<meta property=\"article:modified_time\" content=\"2026-03-09T09:21:09+00:00\" \/>\n<meta name=\"twitter:card\" content=\"summary_large_image\" \/>\n<meta name=\"twitter:label1\" content=\"Estimeret l\u00e6setid\" \/>\n\t<meta name=\"twitter:data1\" content=\"2 minutter\" \/>\n<script type=\"application\/ld+json\" class=\"yoast-schema-graph\">{\"@context\":\"https:\\\/\\\/schema.org\",\"@graph\":[{\"@type\":\"WebPage\",\"@id\":\"https:\\\/\\\/vejviseriditliv.dk\\\/index.php\\\/handelsbetingelser\\\/\",\"url\":\"https:\\\/\\\/vejviseriditliv.dk\\\/index.php\\\/handelsbetingelser\\\/\",\"name\":\"Handelsbetingelser - Mette Jones\",\"isPartOf\":{\"@id\":\"https:\\\/\\\/vejviseriditliv.dk\\\/#website\"},\"datePublished\":\"2026-03-02T12:10:04+00:00\",\"dateModified\":\"2026-03-09T09:21:09+00:00\",\"breadcrumb\":{\"@id\":\"https:\\\/\\\/vejviseriditliv.dk\\\/index.php\\\/handelsbetingelser\\\/#breadcrumb\"},\"inLanguage\":\"da-DK\",\"potentialAction\":[{\"@type\":\"ReadAction\",\"target\":[\"https:\\\/\\\/vejviseriditliv.dk\\\/index.php\\\/handelsbetingelser\\\/\"]}]},{\"@type\":\"BreadcrumbList\",\"@id\":\"https:\\\/\\\/vejviseriditliv.dk\\\/index.php\\\/handelsbetingelser\\\/#breadcrumb\",\"itemListElement\":[{\"@type\":\"ListItem\",\"position\":1,\"name\":\"Hjem\",\"item\":\"https:\\\/\\\/vejviseriditliv.dk\\\/\"},{\"@type\":\"ListItem\",\"position\":2,\"name\":\"Handelsbetingelser\"}]},{\"@type\":\"WebSite\",\"@id\":\"https:\\\/\\\/vejviseriditliv.dk\\\/#website\",\"url\":\"https:\\\/\\\/vejviseriditliv.dk\\\/\",\"name\":\"Mette Jones\",\"description\":\"Vejviser i dit liv\",\"potentialAction\":[{\"@type\":\"SearchAction\",\"target\":{\"@type\":\"EntryPoint\",\"urlTemplate\":\"https:\\\/\\\/vejviseriditliv.dk\\\/?s={search_term_string}\"},\"query-input\":{\"@type\":\"PropertyValueSpecification\",\"valueRequired\":true,\"valueName\":\"search_term_string\"}}],\"inLanguage\":\"da-DK\"}]}<\/script>\n<!-- \/ Yoast SEO plugin. -->","yoast_head_json":{"title":"Handelsbetingelser - Mette Jones","robots":{"index":"index","follow":"follow","max-snippet":"max-snippet:-1","max-image-preview":"max-image-preview:large","max-video-preview":"max-video-preview:-1"},"canonical":"https:\/\/vejviseriditliv.dk\/index.php\/handelsbetingelser\/","og_locale":"da_DK","og_type":"article","og_title":"Handelsbetingelser - Mette Jones","og_description":"1. Generelle oplysninger Virksomhedens navn: Vejviser i dit liv CVR-nummer: 41 02 30 23 Adresse: Marielundvej 17A 2. sal, 2730 Herlev E-mail: vejviseriditliv@gmail.com Telefonnummer: +45 27 70 90 31 Disse handelsbetingelser g\u00e6lder for k\u00f8b af varer og\/eller tjenesteydelser hos Vejviser i dit liv via www.vejviseriditliv.dk. 2. Aftaleindg\u00e5else En bindende aftale mellem dig og Vejviser i [&hellip;]","og_url":"https:\/\/vejviseriditliv.dk\/index.php\/handelsbetingelser\/","og_site_name":"Mette Jones","article_modified_time":"2026-03-09T09:21:09+00:00","twitter_card":"summary_large_image","twitter_misc":{"Estimeret l\u00e6setid":"2 minutter"},"schema":{"@context":"https:\/\/schema.org","@graph":[{"@type":"WebPage","@id":"https:\/\/vejviseriditliv.dk\/index.php\/handelsbetingelser\/","url":"https:\/\/vejviseriditliv.dk\/index.php\/handelsbetingelser\/","name":"Handelsbetingelser - Mette Jones","isPartOf":{"@id":"https:\/\/vejviseriditliv.dk\/#website"},"datePublished":"2026-03-02T12:10:04+00:00","dateModified":"2026-03-09T09:21:09+00:00","breadcrumb":{"@id":"https:\/\/vejviseriditliv.dk\/index.php\/handelsbetingelser\/#breadcrumb"},"inLanguage":"da-DK","potentialAction":[{"@type":"ReadAction","target":["https:\/\/vejviseriditliv.dk\/index.php\/handelsbetingelser\/"]}]},{"@type":"BreadcrumbList","@id":"https:\/\/vejviseriditliv.dk\/index.php\/handelsbetingelser\/#breadcrumb","itemListElement":[{"@type":"ListItem","position":1,"name":"Hjem","item":"https:\/\/vejviseriditliv.dk\/"},{"@type":"ListItem","position":2,"name":"Handelsbetingelser"}]},{"@type":"WebSite","@id":"https:\/\/vejviseriditliv.dk\/#website","url":"https:\/\/vejviseriditliv.dk\/","name":"Mette Jones","description":"Vejviser i dit liv","potentialAction":[{"@type":"SearchAction","target":{"@type":"EntryPoint","urlTemplate":"https:\/\/vejviseriditliv.dk\/?s={search_term_string}"},"query-input":{"@type":"PropertyValueSpecification","valueRequired":true,"valueName":"search_term_string"}}],"inLanguage":"da-DK"}]}},"_links":{"self":[{"href":"https:\/\/vejviseriditliv.dk\/index.php\/wp-json\/wp\/v2\/pages\/1333","targetHints":{"allow":["GET"]}}],"collection":[{"href":"https:\/\/vejviseriditliv.dk\/index.php\/wp-json\/wp\/v2\/pages"}],"about":[{"href":"https:\/\/vejviseriditliv.dk\/index.php\/wp-json\/wp\/v2\/types\/page"}],"author":[{"embeddable":true,"href":"https:\/\/vejviseriditliv.dk\/index.php\/wp-json\/wp\/v2\/users\/1"}],"replies":[{"embeddable":true,"href":"https:\/\/vejviseriditliv.dk\/index.php\/wp-json\/wp\/v2\/comments?post=1333"}],"version-history":[{"count":5,"href":"https:\/\/vejviseriditliv.dk\/index.php\/wp-json\/wp\/v2\/pages\/1333\/revisions"}],"predecessor-version":[{"id":1343,"href":"https:\/\/vejviseriditliv.dk\/index.php\/wp-json\/wp\/v2\/pages\/1333\/revisions\/1343"}],"wp:attachment":[{"href":"https:\/\/vejviseriditliv.dk\/index.php\/wp-json\/wp\/v2\/media?parent=1333"}],"curies":[{"name":"wp","href":"https:\/\/api.w.org\/{rel}","templated":true}]}}