{"id":3,"date":"2025-04-11T10:47:45","date_gmt":"2025-04-11T10:47:45","guid":{"rendered":"https:\/\/vejviseriditliv.dk\/?page_id=3"},"modified":"2025-08-17T13:09:47","modified_gmt":"2025-08-17T13:09:47","slug":"privatlivspolitik","status":"publish","type":"page","link":"https:\/\/vejviseriditliv.dk\/index.php\/privatlivspolitik\/","title":{"rendered":"Privatlivspolitik"},"content":{"rendered":"<p>[et_pb_section fb_built=&#8221;1&#8243; _builder_version=&#8221;4.27.4&#8243; _module_preset=&#8221;default&#8221; global_colors_info=&#8221;{}&#8221;][et_pb_row _builder_version=&#8221;4.27.4&#8243; _module_preset=&#8221;default&#8221; global_colors_info=&#8221;{}&#8221;][et_pb_column type=&#8221;4_4&#8243; _builder_version=&#8221;4.27.4&#8243; _module_preset=&#8221;default&#8221; global_colors_info=&#8221;{}&#8221;][et_pb_heading title=&#8221;Privatlivspolitik&#8221; _builder_version=&#8221;4.27.4&#8243; _module_preset=&#8221;default&#8221; title_text_align=&#8221;center&#8221; global_colors_info=&#8221;{}&#8221;][\/et_pb_heading][et_pb_text _builder_version=&#8221;4.27.4&#8243; _module_preset=&#8221;default&#8221; hover_enabled=&#8221;0&#8243; global_colors_info=&#8221;{}&#8221; sticky_enabled=&#8221;0&#8243;]<\/p>\n<h4>Hvem vi er<\/h4>\n<p>Vores hjemmesideadresse er: <a href=\"https:\/\/vejviseriditliv.dk\/\">https:\/\/vejviseriditliv.dk<\/a>.<\/p>\n<h4>Kommentarer<\/h4>\n<p>N\u00e5r bes\u00f8gende efterlader kommentarer p\u00e5 siden, indsamler vi de data, der vises i kommentarformularen, samt bes\u00f8gendes IP-adresse og browserens brugeragentstreng for at hj\u00e6lpe med spamdetektion.<\/p>\n<p>En anonymiseret streng oprettet fra din e-mailadresse (ogs\u00e5 kaldet en hash) kan blive sendt til Gravatar-tjenesten for at se, om du bruger den. Gravatar-tjenestens privatlivspolitik kan findes her: <a href=\"https:\/\/automattic.com\/privacy\/\">https:\/\/automattic.com\/privacy\/<\/a>. Efter godkendelse af din kommentar vil dit profilbillede v\u00e6re synligt for offentligheden i forbindelse med din kommentar.<\/p>\n<h4>Medier<\/h4>\n<p>Hvis du uploader billeder til hjemmesiden, b\u00f8r du undg\u00e5 at uploade billeder med indlejret lokalitetsdata (EXIF GPS). Bes\u00f8gende p\u00e5 hjemmesiden kan downloade og udtr\u00e6kke eventuelle lokalitetsdata fra billeder p\u00e5 hjemmesiden.<\/p>\n<h4>Cookies<\/h4>\n<p>Hvis du efterlader en kommentar p\u00e5 vores site, kan du v\u00e6lge at gemme dit navn, din e-mailadresse og din hjemmeside i cookies. Dette er for din bekvemmelighed, s\u00e5 du ikke skal udfylde dine oplysninger igen, n\u00e5r du efterlader en anden kommentar. Disse cookies vil vare i \u00e9t \u00e5r.<\/p>\n<p>Hvis du bes\u00f8ger vores login-side, vil vi s\u00e6tte en midlertidig cookie for at bestemme, om din browser accepterer cookies. Denne cookie indeholder ingen personlige data og bliver fjernet, n\u00e5r du lukker din browser.<\/p>\n<p>N\u00e5r du logger ind, vil vi ogs\u00e5 oprette flere cookies for at gemme dine login-oplysninger og dine sk\u00e6rmindstillinger. Login-cookies varer i to dage, og sk\u00e6rmindstillings-cookies varer i et \u00e5r. Hvis du v\u00e6lger &#8220;Husk mig&#8221;, vil din login-session vare i to uger. Hvis du logger ud af din konto, vil login-cookies blive fjernet.<\/p>\n<p>Hvis du redigerer eller offentligg\u00f8r en artikel, vil en ekstra cookie blive gemt i din browser. Denne cookie indeholder ingen personlige data og angiver blot post-ID\u2019et p\u00e5 den artikel, du lige har redigeret. Den udl\u00f8ber efter 1 dag.<\/p>\n<h4>Hvem vi deler dine data med<\/h4>\n<p>Hvis du anmoder om en nulstilling af adgangskoden, vil din IP-adresse blive inkluderet i nulstillings-e-mailen.<\/p>\n<h4>Hvor l\u00e6nge vi opbevarer dine data<\/h4>\n<p>Hvis du efterlader en kommentar, opbevares kommentaren og dens metadata i det uendelige. Dette g\u00f8r det muligt for os automatisk at genkende og godkende eventuelle opf\u00f8lgende kommentarer i stedet for at holde dem i en moderationsk\u00f8.<\/p>\n<p>For brugere, der registrerer sig p\u00e5 vores hjemmeside (hvis nogen), opbevarer vi ogs\u00e5 de personlige oplysninger, de giver i deres brugerprofil. Alle brugere kan til enhver tid se, redigere eller slette deres personlige oplysninger (undtagen de kan ikke \u00e6ndre deres brugernavn). Websiteadministratorer kan ogs\u00e5 se og redigere disse oplysninger.<\/p>\n<h4>Hvilke rettigheder du har over dine data<\/h4>\n<p>Hvis du har en konto p\u00e5 denne side eller har efterladt kommentarer, kan du anmode om at modtage en eksportfil af de personlige data, vi har om dig, inklusive de data, du har givet os. Du kan ogs\u00e5 anmode om, at vi sletter de personlige data, vi har om dig. Dette inkluderer ikke data, vi er forpligtet til at opbevare af administrative, juridiske eller sikkerhedsm\u00e6ssige \u00e5rsager.<\/p>\n<h4>Hvor dine data bliver sendt<\/h4>\n<p>Bes\u00f8gendes kommentarer kan blive tjekket gennem en automatiseret spam-detektionstjeneste.<\/p>\n<p>[\/et_pb_text][\/et_pb_column][\/et_pb_row][\/et_pb_section]<\/p>\n","protected":false},"excerpt":{"rendered":"<p>Hvem vi er Vores hjemmesideadresse er: https:\/\/vejviseriditliv.dk. Kommentarer N\u00e5r bes\u00f8gende efterlader kommentarer p\u00e5 siden, indsamler vi de data, der vises i kommentarformularen, samt bes\u00f8gendes IP-adresse og browserens brugeragentstreng for at hj\u00e6lpe med spamdetektion. En anonymiseret streng oprettet fra din e-mailadresse (ogs\u00e5 kaldet en hash) kan blive sendt til Gravatar-tjenesten for at se, om du bruger [&hellip;]<\/p>\n","protected":false},"author":1,"featured_media":0,"parent":0,"menu_order":0,"comment_status":"closed","ping_status":"closed","template":"","meta":{"_et_pb_use_builder":"on","_et_pb_old_content":"<!-- wp:heading -->\n<h2 class=\"wp-block-heading\">Who we are<\/h2>\n<!-- \/wp:heading -->\n<!-- wp:paragraph -->\n<p><strong class=\"privacy-policy-tutorial\">Suggested text: <\/strong>Our website address is: https:\/\/vejviseriditliv.dk.<\/p>\n<!-- \/wp:paragraph -->\n<!-- wp:heading -->\n<h2 class=\"wp-block-heading\">Comments<\/h2>\n<!-- \/wp:heading -->\n<!-- wp:paragraph -->\n<p><strong class=\"privacy-policy-tutorial\">Suggested text: <\/strong>When visitors leave comments on the site we collect the data shown in the comments form, and also the visitor&#8217;s IP address and browser user agent string to help spam detection.<\/p>\n<!-- \/wp:paragraph -->\n<!-- wp:paragraph -->\n<p>An anonymized string created from your email address (also called a hash) may be provided to the Gravatar service to see if you are using it. The Gravatar service privacy policy is available here: https:\/\/automattic.com\/privacy\/. After approval of your comment, your profile picture is visible to the public in the context of your comment.<\/p>\n<!-- \/wp:paragraph -->\n<!-- wp:heading -->\n<h2 class=\"wp-block-heading\">Media<\/h2>\n<!-- \/wp:heading -->\n<!-- wp:paragraph -->\n<p><strong class=\"privacy-policy-tutorial\">Suggested text: <\/strong>If you upload images to the website, you should avoid uploading images with embedded location data (EXIF GPS) included. Visitors to the website can download and extract any location data from images on the website.<\/p>\n<!-- \/wp:paragraph -->\n<!-- wp:heading -->\n<h2 class=\"wp-block-heading\">Cookies<\/h2>\n<!-- \/wp:heading -->\n<!-- wp:paragraph -->\n<p><strong class=\"privacy-policy-tutorial\">Suggested text: <\/strong>If you leave a comment on our site you may opt-in to saving your name, email address and website in cookies. These are for your convenience so that you do not have to fill in your details again when you leave another comment. These cookies will last for one year.<\/p>\n<!-- \/wp:paragraph -->\n<!-- wp:paragraph -->\n<p>If you visit our login page, we will set a temporary cookie to determine if your browser accepts cookies. This cookie contains no personal data and is discarded when you close your browser.<\/p>\n<!-- \/wp:paragraph -->\n<!-- wp:paragraph -->\n<p>When you log in, we will also set up several cookies to save your login information and your screen display choices. Login cookies last for two days, and screen options cookies last for a year. If you select &quot;Remember Me&quot;, your login will persist for two weeks. If you log out of your account, the login cookies will be removed.<\/p>\n<!-- \/wp:paragraph -->\n<!-- wp:paragraph -->\n<p>If you edit or publish an article, an additional cookie will be saved in your browser. This cookie includes no personal data and simply indicates the post ID of the article you just edited. It expires after 1 day.<\/p>\n<!-- \/wp:paragraph -->\n<!-- wp:heading -->\n<h2 class=\"wp-block-heading\">Embedded content from other websites<\/h2>\n<!-- \/wp:heading -->\n<!-- wp:paragraph -->\n<p><strong class=\"privacy-policy-tutorial\">Suggested text: <\/strong>Articles on this site may include embedded content (e.g. videos, images, articles, etc.). Embedded content from other websites behaves in the exact same way as if the visitor has visited the other website.<\/p>\n<!-- \/wp:paragraph -->\n<!-- wp:paragraph -->\n<p>These websites may collect data about you, use cookies, embed additional third-party tracking, and monitor your interaction with that embedded content, including tracking your interaction with the embedded content if you have an account and are logged in to that website.<\/p>\n<!-- \/wp:paragraph -->\n<!-- wp:heading -->\n<h2 class=\"wp-block-heading\">Who we share your data with<\/h2>\n<!-- \/wp:heading -->\n<!-- wp:paragraph -->\n<p><strong class=\"privacy-policy-tutorial\">Suggested text: <\/strong>If you request a password reset, your IP address will be included in the reset email.<\/p>\n<!-- \/wp:paragraph -->\n<!-- wp:heading -->\n<h2 class=\"wp-block-heading\">How long we retain your data<\/h2>\n<!-- \/wp:heading -->\n<!-- wp:paragraph -->\n<p><strong class=\"privacy-policy-tutorial\">Suggested text: <\/strong>If you leave a comment, the comment and its metadata are retained indefinitely. This is so we can recognize and approve any follow-up comments automatically instead of holding them in a moderation queue.<\/p>\n<!-- \/wp:paragraph -->\n<!-- wp:paragraph -->\n<p>For users that register on our website (if any), we also store the personal information they provide in their user profile. All users can see, edit, or delete their personal information at any time (except they cannot change their username). Website administrators can also see and edit that information.<\/p>\n<!-- \/wp:paragraph -->\n<!-- wp:heading -->\n<h2 class=\"wp-block-heading\">What rights you have over your data<\/h2>\n<!-- \/wp:heading -->\n<!-- wp:paragraph -->\n<p><strong class=\"privacy-policy-tutorial\">Suggested text: <\/strong>If you have an account on this site, or have left comments, you can request to receive an exported file of the personal data we hold about you, including any data you have provided to us. You can also request that we erase any personal data we hold about you. This does not include any data we are obliged to keep for administrative, legal, or security purposes.<\/p>\n<!-- \/wp:paragraph -->\n<!-- wp:heading -->\n<h2 class=\"wp-block-heading\">Where your data is sent<\/h2>\n<!-- \/wp:heading -->\n<!-- wp:paragraph -->\n<p><strong class=\"privacy-policy-tutorial\">Suggested text: <\/strong>Visitor comments may be checked through an automated spam detection service.<\/p>\n<!-- \/wp:paragraph -->\n","_et_gb_content_width":"","footnotes":""},"class_list":["post-3","page","type-page","status-publish","hentry"],"yoast_head":"<!-- This site is optimized with the Yoast SEO plugin v27.5 - https:\/\/yoast.com\/product\/yoast-seo-wordpress\/ -->\n<title>Privatlivspolitik - Mette Jones<\/title>\n<meta name=\"robots\" content=\"index, follow, max-snippet:-1, max-image-preview:large, max-video-preview:-1\" \/>\n<link rel=\"canonical\" href=\"https:\/\/vejviseriditliv.dk\/index.php\/privatlivspolitik\/\" \/>\n<meta property=\"og:locale\" content=\"da_DK\" \/>\n<meta property=\"og:type\" content=\"article\" \/>\n<meta property=\"og:title\" content=\"Privatlivspolitik - Mette Jones\" \/>\n<meta property=\"og:description\" content=\"Hvem vi er Vores hjemmesideadresse er: https:\/\/vejviseriditliv.dk. Kommentarer N\u00e5r bes\u00f8gende efterlader kommentarer p\u00e5 siden, indsamler vi de data, der vises i kommentarformularen, samt bes\u00f8gendes IP-adresse og browserens brugeragentstreng for at hj\u00e6lpe med spamdetektion. En anonymiseret streng oprettet fra din e-mailadresse (ogs\u00e5 kaldet en hash) kan blive sendt til Gravatar-tjenesten for at se, om du bruger [&hellip;]\" \/>\n<meta property=\"og:url\" content=\"https:\/\/vejviseriditliv.dk\/index.php\/privatlivspolitik\/\" \/>\n<meta property=\"og:site_name\" content=\"Mette Jones\" \/>\n<meta property=\"article:modified_time\" content=\"2025-08-17T13:09:47+00:00\" \/>\n<meta name=\"twitter:card\" content=\"summary_large_image\" \/>\n<meta name=\"twitter:label1\" content=\"Estimeret l\u00e6setid\" \/>\n\t<meta name=\"twitter:data1\" content=\"4 minutter\" \/>\n<script type=\"application\/ld+json\" class=\"yoast-schema-graph\">{\"@context\":\"https:\\\/\\\/schema.org\",\"@graph\":[{\"@type\":\"WebPage\",\"@id\":\"https:\\\/\\\/vejviseriditliv.dk\\\/index.php\\\/privatlivspolitik\\\/\",\"url\":\"https:\\\/\\\/vejviseriditliv.dk\\\/index.php\\\/privatlivspolitik\\\/\",\"name\":\"Privatlivspolitik - Mette Jones\",\"isPartOf\":{\"@id\":\"https:\\\/\\\/vejviseriditliv.dk\\\/#website\"},\"datePublished\":\"2025-04-11T10:47:45+00:00\",\"dateModified\":\"2025-08-17T13:09:47+00:00\",\"breadcrumb\":{\"@id\":\"https:\\\/\\\/vejviseriditliv.dk\\\/index.php\\\/privatlivspolitik\\\/#breadcrumb\"},\"inLanguage\":\"da-DK\",\"potentialAction\":[{\"@type\":\"ReadAction\",\"target\":[\"https:\\\/\\\/vejviseriditliv.dk\\\/index.php\\\/privatlivspolitik\\\/\"]}]},{\"@type\":\"BreadcrumbList\",\"@id\":\"https:\\\/\\\/vejviseriditliv.dk\\\/index.php\\\/privatlivspolitik\\\/#breadcrumb\",\"itemListElement\":[{\"@type\":\"ListItem\",\"position\":1,\"name\":\"Hjem\",\"item\":\"https:\\\/\\\/vejviseriditliv.dk\\\/\"},{\"@type\":\"ListItem\",\"position\":2,\"name\":\"Privatlivspolitik\"}]},{\"@type\":\"WebSite\",\"@id\":\"https:\\\/\\\/vejviseriditliv.dk\\\/#website\",\"url\":\"https:\\\/\\\/vejviseriditliv.dk\\\/\",\"name\":\"Mette Jones\",\"description\":\"Vejviser i dit liv\",\"potentialAction\":[{\"@type\":\"SearchAction\",\"target\":{\"@type\":\"EntryPoint\",\"urlTemplate\":\"https:\\\/\\\/vejviseriditliv.dk\\\/?s={search_term_string}\"},\"query-input\":{\"@type\":\"PropertyValueSpecification\",\"valueRequired\":true,\"valueName\":\"search_term_string\"}}],\"inLanguage\":\"da-DK\"}]}<\/script>\n<!-- \/ Yoast SEO plugin. -->","yoast_head_json":{"title":"Privatlivspolitik - Mette Jones","robots":{"index":"index","follow":"follow","max-snippet":"max-snippet:-1","max-image-preview":"max-image-preview:large","max-video-preview":"max-video-preview:-1"},"canonical":"https:\/\/vejviseriditliv.dk\/index.php\/privatlivspolitik\/","og_locale":"da_DK","og_type":"article","og_title":"Privatlivspolitik - Mette Jones","og_description":"Hvem vi er Vores hjemmesideadresse er: https:\/\/vejviseriditliv.dk. Kommentarer N\u00e5r bes\u00f8gende efterlader kommentarer p\u00e5 siden, indsamler vi de data, der vises i kommentarformularen, samt bes\u00f8gendes IP-adresse og browserens brugeragentstreng for at hj\u00e6lpe med spamdetektion. En anonymiseret streng oprettet fra din e-mailadresse (ogs\u00e5 kaldet en hash) kan blive sendt til Gravatar-tjenesten for at se, om du bruger [&hellip;]","og_url":"https:\/\/vejviseriditliv.dk\/index.php\/privatlivspolitik\/","og_site_name":"Mette Jones","article_modified_time":"2025-08-17T13:09:47+00:00","twitter_card":"summary_large_image","twitter_misc":{"Estimeret l\u00e6setid":"4 minutter"},"schema":{"@context":"https:\/\/schema.org","@graph":[{"@type":"WebPage","@id":"https:\/\/vejviseriditliv.dk\/index.php\/privatlivspolitik\/","url":"https:\/\/vejviseriditliv.dk\/index.php\/privatlivspolitik\/","name":"Privatlivspolitik - Mette Jones","isPartOf":{"@id":"https:\/\/vejviseriditliv.dk\/#website"},"datePublished":"2025-04-11T10:47:45+00:00","dateModified":"2025-08-17T13:09:47+00:00","breadcrumb":{"@id":"https:\/\/vejviseriditliv.dk\/index.php\/privatlivspolitik\/#breadcrumb"},"inLanguage":"da-DK","potentialAction":[{"@type":"ReadAction","target":["https:\/\/vejviseriditliv.dk\/index.php\/privatlivspolitik\/"]}]},{"@type":"BreadcrumbList","@id":"https:\/\/vejviseriditliv.dk\/index.php\/privatlivspolitik\/#breadcrumb","itemListElement":[{"@type":"ListItem","position":1,"name":"Hjem","item":"https:\/\/vejviseriditliv.dk\/"},{"@type":"ListItem","position":2,"name":"Privatlivspolitik"}]},{"@type":"WebSite","@id":"https:\/\/vejviseriditliv.dk\/#website","url":"https:\/\/vejviseriditliv.dk\/","name":"Mette Jones","description":"Vejviser i dit liv","potentialAction":[{"@type":"SearchAction","target":{"@type":"EntryPoint","urlTemplate":"https:\/\/vejviseriditliv.dk\/?s={search_term_string}"},"query-input":{"@type":"PropertyValueSpecification","valueRequired":true,"valueName":"search_term_string"}}],"inLanguage":"da-DK"}]}},"_links":{"self":[{"href":"https:\/\/vejviseriditliv.dk\/index.php\/wp-json\/wp\/v2\/pages\/3","targetHints":{"allow":["GET"]}}],"collection":[{"href":"https:\/\/vejviseriditliv.dk\/index.php\/wp-json\/wp\/v2\/pages"}],"about":[{"href":"https:\/\/vejviseriditliv.dk\/index.php\/wp-json\/wp\/v2\/types\/page"}],"author":[{"embeddable":true,"href":"https:\/\/vejviseriditliv.dk\/index.php\/wp-json\/wp\/v2\/users\/1"}],"replies":[{"embeddable":true,"href":"https:\/\/vejviseriditliv.dk\/index.php\/wp-json\/wp\/v2\/comments?post=3"}],"version-history":[{"count":4,"href":"https:\/\/vejviseriditliv.dk\/index.php\/wp-json\/wp\/v2\/pages\/3\/revisions"}],"predecessor-version":[{"id":708,"href":"https:\/\/vejviseriditliv.dk\/index.php\/wp-json\/wp\/v2\/pages\/3\/revisions\/708"}],"wp:attachment":[{"href":"https:\/\/vejviseriditliv.dk\/index.php\/wp-json\/wp\/v2\/media?parent=3"}],"curies":[{"name":"wp","href":"https:\/\/api.w.org\/{rel}","templated":true}]}}