{"id":739,"date":"2025-09-04T08:14:54","date_gmt":"2025-09-04T08:14:54","guid":{"rendered":"https:\/\/vejviseriditliv.dk\/?page_id=739"},"modified":"2026-02-05T18:08:00","modified_gmt":"2026-02-05T18:08:00","slug":"kontakt","status":"publish","type":"page","link":"https:\/\/vejviseriditliv.dk\/index.php\/kontakt\/","title":{"rendered":"Kontakt"},"content":{"rendered":"<p>[et_pb_section fb_built=&#8221;1&#8243; admin_label=&#8221;Service&#8221; _builder_version=&#8221;4.27.4&#8243; _module_preset=&#8221;default&#8221; background_color=&#8221;#FFFFFF&#8221; custom_padding=&#8221;150px||150px|||&#8221; collapsed=&#8221;on&#8221; global_colors_info=&#8221;{}&#8221;][et_pb_row column_structure=&#8221;1_2,1_2&#8243; use_custom_gutter=&#8221;on&#8221; gutter_width=&#8221;4&#8243; _builder_version=&#8221;4.27.4&#8243; _module_preset=&#8221;default&#8221; global_colors_info=&#8221;{}&#8221;][et_pb_column type=&#8221;1_2&#8243; _builder_version=&#8221;4.25.1&#8243; _module_preset=&#8221;default&#8221; global_colors_info=&#8221;{}&#8221;][et_pb_image src=&#8221;https:\/\/vejviseriditliv.dk\/wp-content\/uploads\/2025\/04\/MetteJones-0277.jpg&#8221; title_text=&#8221;MetteJones-0277&#8243; _builder_version=&#8221;4.27.4&#8243; _module_preset=&#8221;default&#8221; width=&#8221;80%&#8221; scroll_vertical_motion=&#8221;0|50|50|100|-0.5|0|0.5&#8243; global_colors_info=&#8221;{}&#8221;][\/et_pb_image][et_pb_image src=&#8221;https:\/\/vejviseriditliv.dk\/wp-content\/uploads\/2025\/04\/MetteJones-0027.jpg&#8221; title_text=&#8221;MetteJones-0027&#8243; disabled_on=&#8221;on|on|off&#8221; _builder_version=&#8221;4.27.4&#8243; _module_preset=&#8221;default&#8221; width=&#8221;50%&#8221; module_alignment=&#8221;right&#8221; custom_margin=&#8221;-60%||||false|false&#8221; scroll_vertical_motion=&#8221;0|50|50|100|0.5|0|-0.5&#8243; motion_trigger_start=&#8221;top&#8221; border_radii=&#8221;off|500px|500px||&#8221; global_colors_info=&#8221;{}&#8221;][\/et_pb_image][\/et_pb_column][et_pb_column type=&#8221;1_2&#8243; _builder_version=&#8221;4.25.1&#8243; _module_preset=&#8221;default&#8221; custom_padding=&#8221;60px||||false|false&#8221; custom_padding_tablet=&#8221;0px||||false|false&#8221; custom_padding_phone=&#8221;0px||||false|false&#8221; custom_padding_last_edited=&#8221;on|desktop&#8221; global_colors_info=&#8221;{}&#8221;][et_pb_heading title=&#8221;Kontakt mig her&#8221; _builder_version=&#8221;4.27.4&#8243; _module_preset=&#8221;c2495517-9fcf-4d40-9a18-5f180dbe850f&#8221; title_level=&#8221;h1&#8243; title_font=&#8221;|500|||||||&#8221; title_text_color=&#8221;#0A0002&#8243; custom_margin=&#8221;||14px|||&#8221; global_colors_info=&#8221;{}&#8221;][\/et_pb_heading][et_pb_text _builder_version=&#8221;4.27.4&#8243; _module_preset=&#8221;default&#8221; text_text_color=&#8221;#0A0002&#8243; global_colors_info=&#8221;{}&#8221;]<\/p>\n<p><span style=\"font-weight: 400;\">Har du sp\u00f8rgsm\u00e5l, eller er du nysgerrig p\u00e5, hvordan jeg kan hj\u00e6lpe dig?<\/span><\/p>\n<p><span style=\"font-weight: 400;\">Jeg vil altid gerne h\u00f8re fra dig \u2013 uanset om det er en lille tanke, en stor id\u00e9 eller noget midt imellem.<\/span><\/p>\n<p><span style=\"font-weight: 400;\">Send mig en mail p\u00e5 <strong>vejviseriditliv@gmail.com<\/strong>, s\u00e5 vender jeg tilbage til dig hurtigst muligt. <strong>Husk at tjekke din spam-mail, nogle gange ender den nemlig d\u00e9r.<\/strong><\/span><\/p>\n<p><span style=\"font-weight: 400;\">Jeg gl\u00e6der mig til at h\u00f8re fra dig!<\/span><\/p>\n<p>[\/et_pb_text][et_pb_button button_url=&#8221;@ET-DC@eyJkeW5hbWljIjp0cnVlLCJjb250ZW50IjoicG9zdF9saW5rX3VybF9wYWdlIiwic2V0dGluZ3MiOnsicG9zdF9pZCI6IjY4NSJ9fQ==@&#8221; button_text=&#8221;Se hvad du kan booke&#8221; _builder_version=&#8221;4.27.4&#8243; _dynamic_attributes=&#8221;button_url&#8221; _module_preset=&#8221;fe138fa5-9b56-4a08-8301-78301cc79367&#8243; custom_button=&#8221;off&#8221; button_icon=&#8221;&#x24;||divi||400&#8243; custom_padding=&#8221;8px|15px|8px|15px|true|true&#8221; locked=&#8221;off&#8221; global_colors_info=&#8221;{%22gcid-672c49ec-b8cc-4f22-a785-dec4ee1498c5%22:%91%22button_text_color%22,%22button_bg_color__hover%22,%22button_bg_color__hover%22,%22button_bg_color__hover%22%93}&#8221; button_bg_color__hover=&#8221;#B29DA0&#8243; button_bg_color__hover_enabled=&#8221;on|desktop&#8221; button_bg_enable_color__hover=&#8221;on&#8221;][\/et_pb_button][\/et_pb_column][\/et_pb_row][\/et_pb_section][et_pb_section fb_built=&#8221;1&#8243; _builder_version=&#8221;4.27.4&#8243; _module_preset=&#8221;default&#8221; background_color=&#8221;#C8C3BC&#8221; custom_padding=&#8221;100px|||||&#8221; global_module=&#8221;782&#8243; saved_tabs=&#8221;all&#8221; global_colors_info=&#8221;{}&#8221;][et_pb_row column_structure=&#8221;1_3,1_3,1_3&#8243; make_equal=&#8221;on&#8221; _builder_version=&#8221;4.27.4&#8243; _module_preset=&#8221;default&#8221; global_colors_info=&#8221;{}&#8221;][et_pb_column type=&#8221;1_3&#8243; _builder_version=&#8221;4.27.4&#8243; _module_preset=&#8221;default&#8221; custom_css_main_element=&#8221;margin:auto;&#8221; global_colors_info=&#8221;{}&#8221;][et_pb_heading title=&#8221;Kontakt info:&#8221; _builder_version=&#8221;4.27.4&#8243; _module_preset=&#8221;ae10ea5e-863a-461c-909a-613390a8340e&#8221; title_font=&#8221;|500|||||||&#8221; title_text_align=&#8221;center&#8221; title_text_color=&#8221;#0A0002&#8243; custom_margin=&#8221;||10px||false|false&#8221; locked=&#8221;off&#8221; global_colors_info=&#8221;{}&#8221;][\/et_pb_heading][et_pb_text _builder_version=&#8221;4.27.4&#8243; _module_preset=&#8221;ce9f8866-66fa-4e67-a2ef-5282e5f9e1dc&#8221; text_font=&#8221;&#8211;et_global_body_font||||||||&#8221; text_text_color=&#8221;#0A0002&#8243; link_text_color=&#8221;#0A0002&#8243; custom_margin=&#8221;||25px||false|false&#8221; hover_enabled=&#8221;0&#8243; locked=&#8221;off&#8221; global_colors_info=&#8221;{}&#8221; sticky_enabled=&#8221;0&#8243;]<\/p>\n<p class=\"p1\" style=\"text-align: center;\"><span class=\"s1\">Email:<span class=\"Apple-converted-space\">\u00a0 <\/span><a href=\"mailto:vejviseriditliv@gmail.com\" target=\"_blank\" rel=\"noopener\"><span class=\"s2\">vejviseriditliv@gmail.com<\/span><\/a><\/span><\/p>\n<p class=\"p1\" style=\"text-align: center;\"><span class=\"s1\">Tlf. nr.: +45 27 70 90 31<\/span><\/p>\n<p>[\/et_pb_text][\/et_pb_column][et_pb_column type=&#8221;1_3&#8243; _builder_version=&#8221;4.27.4&#8243; _module_preset=&#8221;default&#8221; custom_css_main_element=&#8221;margin:auto;&#8221; global_colors_info=&#8221;{}&#8221;][et_pb_image src=&#8221;https:\/\/vejviseriditliv.dk\/wp-content\/uploads\/2025\/10\/mette_jones_logo_square_cropped_black_RGB.svg&#8221; title_text=&#8221;mette_jones_logo_square_cropped_black_RGB&#8221; align=&#8221;center&#8221; _builder_version=&#8221;4.27.4&#8243; _module_preset=&#8221;default&#8221; width=&#8221;60%&#8221; width_tablet=&#8221;40%&#8221; width_phone=&#8221;50%&#8221; width_last_edited=&#8221;on|desktop&#8221; module_alignment=&#8221;center&#8221; custom_margin=&#8221;||25px||false|false&#8221; global_colors_info=&#8221;{}&#8221;][\/et_pb_image][\/et_pb_column][et_pb_column type=&#8221;1_3&#8243; _builder_version=&#8221;4.27.4&#8243; _module_preset=&#8221;default&#8221; custom_css_main_element=&#8221;margin:auto;&#8221; global_colors_info=&#8221;{}&#8221;][et_pb_heading title=&#8221;Find vej&#8221; _builder_version=&#8221;4.27.4&#8243; _module_preset=&#8221;ae10ea5e-863a-461c-909a-613390a8340e&#8221; title_font=&#8221;|500|||||||&#8221; title_text_align=&#8221;center&#8221; title_text_color=&#8221;#0A0002&#8243; custom_margin=&#8221;||10px||false|false&#8221; locked=&#8221;off&#8221; global_colors_info=&#8221;{}&#8221;][\/et_pb_heading][et_pb_text _builder_version=&#8221;4.27.4&#8243; _module_preset=&#8221;ce9f8866-66fa-4e67-a2ef-5282e5f9e1dc&#8221; text_font=&#8221;&#8211;et_global_body_font||||||||&#8221; text_text_color=&#8221;#0A0002&#8243; custom_margin=&#8221;||25px||false|false&#8221; locked=&#8221;off&#8221; global_colors_info=&#8221;{}&#8221;]<\/p>\n<p style=\"text-align: center;\"><span>Marielundvej 17A 2. sal, 2730 Herlev<\/span><\/p>\n<p>[\/et_pb_text][\/et_pb_column][\/et_pb_row][\/et_pb_section]<\/p>\n","protected":false},"excerpt":{"rendered":"<p>Har du sp\u00f8rgsm\u00e5l, eller er du nysgerrig p\u00e5, hvordan jeg kan hj\u00e6lpe dig? Jeg vil altid gerne h\u00f8re fra dig \u2013 uanset om det er en lille tanke, en stor id\u00e9 eller noget midt imellem. Send mig en mail p\u00e5 vejviseriditliv@gmail.com, s\u00e5 vender jeg tilbage til dig hurtigst muligt. Husk at tjekke din spam-mail, nogle [&hellip;]<\/p>\n","protected":false},"author":1,"featured_media":352,"parent":0,"menu_order":0,"comment_status":"closed","ping_status":"closed","template":"","meta":{"_et_pb_use_builder":"on","_et_pb_old_content":"","_et_gb_content_width":"","footnotes":""},"class_list":["post-739","page","type-page","status-publish","has-post-thumbnail","hentry"],"yoast_head":"<!-- This site is optimized with the Yoast SEO plugin v27.5 - https:\/\/yoast.com\/product\/yoast-seo-wordpress\/ -->\n<title>Kontakt - Mette Jones<\/title>\n<meta name=\"description\" content=\"Har du sp\u00f8rgsm\u00e5l, eller er du klar til at tage n\u00e6ste skridt? Udfyld kontakt-formularen herunder \u2013 jeg gl\u00e6der mig til at h\u00f8re fra dig!\" \/>\n<meta name=\"robots\" content=\"index, follow, max-snippet:-1, max-image-preview:large, max-video-preview:-1\" \/>\n<link rel=\"canonical\" href=\"https:\/\/vejviseriditliv.dk\/index.php\/kontakt\/\" \/>\n<meta property=\"og:locale\" content=\"da_DK\" \/>\n<meta property=\"og:type\" content=\"article\" \/>\n<meta property=\"og:title\" content=\"Kontakt - Mette Jones\" \/>\n<meta property=\"og:description\" content=\"Har du sp\u00f8rgsm\u00e5l, eller er du klar til at tage n\u00e6ste skridt? Udfyld kontakt-formularen herunder \u2013 jeg gl\u00e6der mig til at h\u00f8re fra dig!\" \/>\n<meta property=\"og:url\" content=\"https:\/\/vejviseriditliv.dk\/index.php\/kontakt\/\" \/>\n<meta property=\"og:site_name\" content=\"Mette Jones\" \/>\n<meta property=\"article:modified_time\" content=\"2026-02-05T18:08:00+00:00\" \/>\n<meta property=\"og:image\" content=\"https:\/\/vejviseriditliv.dk\/wp-content\/uploads\/2025\/04\/MetteJones-0284.jpg\" \/>\n\t<meta property=\"og:image:width\" content=\"1600\" \/>\n\t<meta property=\"og:image:height\" content=\"2400\" \/>\n\t<meta property=\"og:image:type\" content=\"image\/jpeg\" \/>\n<meta name=\"twitter:card\" content=\"summary_large_image\" \/>\n<meta name=\"twitter:label1\" content=\"Estimeret l\u00e6setid\" \/>\n\t<meta name=\"twitter:data1\" content=\"2 minutter\" \/>\n<script type=\"application\/ld+json\" class=\"yoast-schema-graph\">{\"@context\":\"https:\\\/\\\/schema.org\",\"@graph\":[{\"@type\":\"WebPage\",\"@id\":\"https:\\\/\\\/vejviseriditliv.dk\\\/index.php\\\/kontakt\\\/\",\"url\":\"https:\\\/\\\/vejviseriditliv.dk\\\/index.php\\\/kontakt\\\/\",\"name\":\"Kontakt - Mette Jones\",\"isPartOf\":{\"@id\":\"https:\\\/\\\/vejviseriditliv.dk\\\/#website\"},\"primaryImageOfPage\":{\"@id\":\"https:\\\/\\\/vejviseriditliv.dk\\\/index.php\\\/kontakt\\\/#primaryimage\"},\"image\":{\"@id\":\"https:\\\/\\\/vejviseriditliv.dk\\\/index.php\\\/kontakt\\\/#primaryimage\"},\"thumbnailUrl\":\"https:\\\/\\\/vejviseriditliv.dk\\\/wp-content\\\/uploads\\\/2025\\\/04\\\/MetteJones-0284.jpg\",\"datePublished\":\"2025-09-04T08:14:54+00:00\",\"dateModified\":\"2026-02-05T18:08:00+00:00\",\"description\":\"Har du sp\u00f8rgsm\u00e5l, eller er du klar til at tage n\u00e6ste skridt? Udfyld kontakt-formularen herunder \u2013 jeg gl\u00e6der mig til at h\u00f8re fra dig!\",\"breadcrumb\":{\"@id\":\"https:\\\/\\\/vejviseriditliv.dk\\\/index.php\\\/kontakt\\\/#breadcrumb\"},\"inLanguage\":\"da-DK\",\"potentialAction\":[{\"@type\":\"ReadAction\",\"target\":[\"https:\\\/\\\/vejviseriditliv.dk\\\/index.php\\\/kontakt\\\/\"]}]},{\"@type\":\"ImageObject\",\"inLanguage\":\"da-DK\",\"@id\":\"https:\\\/\\\/vejviseriditliv.dk\\\/index.php\\\/kontakt\\\/#primaryimage\",\"url\":\"https:\\\/\\\/vejviseriditliv.dk\\\/wp-content\\\/uploads\\\/2025\\\/04\\\/MetteJones-0284.jpg\",\"contentUrl\":\"https:\\\/\\\/vejviseriditliv.dk\\\/wp-content\\\/uploads\\\/2025\\\/04\\\/MetteJones-0284.jpg\",\"width\":1600,\"height\":2400},{\"@type\":\"BreadcrumbList\",\"@id\":\"https:\\\/\\\/vejviseriditliv.dk\\\/index.php\\\/kontakt\\\/#breadcrumb\",\"itemListElement\":[{\"@type\":\"ListItem\",\"position\":1,\"name\":\"Hjem\",\"item\":\"https:\\\/\\\/vejviseriditliv.dk\\\/\"},{\"@type\":\"ListItem\",\"position\":2,\"name\":\"Kontakt\"}]},{\"@type\":\"WebSite\",\"@id\":\"https:\\\/\\\/vejviseriditliv.dk\\\/#website\",\"url\":\"https:\\\/\\\/vejviseriditliv.dk\\\/\",\"name\":\"Mette Jones\",\"description\":\"Vejviser i dit liv\",\"potentialAction\":[{\"@type\":\"SearchAction\",\"target\":{\"@type\":\"EntryPoint\",\"urlTemplate\":\"https:\\\/\\\/vejviseriditliv.dk\\\/?s={search_term_string}\"},\"query-input\":{\"@type\":\"PropertyValueSpecification\",\"valueRequired\":true,\"valueName\":\"search_term_string\"}}],\"inLanguage\":\"da-DK\"}]}<\/script>\n<!-- \/ Yoast SEO plugin. -->","yoast_head_json":{"title":"Kontakt - Mette Jones","description":"Har du sp\u00f8rgsm\u00e5l, eller er du klar til at tage n\u00e6ste skridt? Udfyld kontakt-formularen herunder \u2013 jeg gl\u00e6der mig til at h\u00f8re fra dig!","robots":{"index":"index","follow":"follow","max-snippet":"max-snippet:-1","max-image-preview":"max-image-preview:large","max-video-preview":"max-video-preview:-1"},"canonical":"https:\/\/vejviseriditliv.dk\/index.php\/kontakt\/","og_locale":"da_DK","og_type":"article","og_title":"Kontakt - Mette Jones","og_description":"Har du sp\u00f8rgsm\u00e5l, eller er du klar til at tage n\u00e6ste skridt? Udfyld kontakt-formularen herunder \u2013 jeg gl\u00e6der mig til at h\u00f8re fra dig!","og_url":"https:\/\/vejviseriditliv.dk\/index.php\/kontakt\/","og_site_name":"Mette Jones","article_modified_time":"2026-02-05T18:08:00+00:00","og_image":[{"width":1600,"height":2400,"url":"https:\/\/vejviseriditliv.dk\/wp-content\/uploads\/2025\/04\/MetteJones-0284.jpg","type":"image\/jpeg"}],"twitter_card":"summary_large_image","twitter_misc":{"Estimeret l\u00e6setid":"2 minutter"},"schema":{"@context":"https:\/\/schema.org","@graph":[{"@type":"WebPage","@id":"https:\/\/vejviseriditliv.dk\/index.php\/kontakt\/","url":"https:\/\/vejviseriditliv.dk\/index.php\/kontakt\/","name":"Kontakt - Mette Jones","isPartOf":{"@id":"https:\/\/vejviseriditliv.dk\/#website"},"primaryImageOfPage":{"@id":"https:\/\/vejviseriditliv.dk\/index.php\/kontakt\/#primaryimage"},"image":{"@id":"https:\/\/vejviseriditliv.dk\/index.php\/kontakt\/#primaryimage"},"thumbnailUrl":"https:\/\/vejviseriditliv.dk\/wp-content\/uploads\/2025\/04\/MetteJones-0284.jpg","datePublished":"2025-09-04T08:14:54+00:00","dateModified":"2026-02-05T18:08:00+00:00","description":"Har du sp\u00f8rgsm\u00e5l, eller er du klar til at tage n\u00e6ste skridt? Udfyld kontakt-formularen herunder \u2013 jeg gl\u00e6der mig til at h\u00f8re fra dig!","breadcrumb":{"@id":"https:\/\/vejviseriditliv.dk\/index.php\/kontakt\/#breadcrumb"},"inLanguage":"da-DK","potentialAction":[{"@type":"ReadAction","target":["https:\/\/vejviseriditliv.dk\/index.php\/kontakt\/"]}]},{"@type":"ImageObject","inLanguage":"da-DK","@id":"https:\/\/vejviseriditliv.dk\/index.php\/kontakt\/#primaryimage","url":"https:\/\/vejviseriditliv.dk\/wp-content\/uploads\/2025\/04\/MetteJones-0284.jpg","contentUrl":"https:\/\/vejviseriditliv.dk\/wp-content\/uploads\/2025\/04\/MetteJones-0284.jpg","width":1600,"height":2400},{"@type":"BreadcrumbList","@id":"https:\/\/vejviseriditliv.dk\/index.php\/kontakt\/#breadcrumb","itemListElement":[{"@type":"ListItem","position":1,"name":"Hjem","item":"https:\/\/vejviseriditliv.dk\/"},{"@type":"ListItem","position":2,"name":"Kontakt"}]},{"@type":"WebSite","@id":"https:\/\/vejviseriditliv.dk\/#website","url":"https:\/\/vejviseriditliv.dk\/","name":"Mette Jones","description":"Vejviser i dit liv","potentialAction":[{"@type":"SearchAction","target":{"@type":"EntryPoint","urlTemplate":"https:\/\/vejviseriditliv.dk\/?s={search_term_string}"},"query-input":{"@type":"PropertyValueSpecification","valueRequired":true,"valueName":"search_term_string"}}],"inLanguage":"da-DK"}]}},"_links":{"self":[{"href":"https:\/\/vejviseriditliv.dk\/index.php\/wp-json\/wp\/v2\/pages\/739","targetHints":{"allow":["GET"]}}],"collection":[{"href":"https:\/\/vejviseriditliv.dk\/index.php\/wp-json\/wp\/v2\/pages"}],"about":[{"href":"https:\/\/vejviseriditliv.dk\/index.php\/wp-json\/wp\/v2\/types\/page"}],"author":[{"embeddable":true,"href":"https:\/\/vejviseriditliv.dk\/index.php\/wp-json\/wp\/v2\/users\/1"}],"replies":[{"embeddable":true,"href":"https:\/\/vejviseriditliv.dk\/index.php\/wp-json\/wp\/v2\/comments?post=739"}],"version-history":[{"count":19,"href":"https:\/\/vejviseriditliv.dk\/index.php\/wp-json\/wp\/v2\/pages\/739\/revisions"}],"predecessor-version":[{"id":1311,"href":"https:\/\/vejviseriditliv.dk\/index.php\/wp-json\/wp\/v2\/pages\/739\/revisions\/1311"}],"wp:featuredmedia":[{"embeddable":true,"href":"https:\/\/vejviseriditliv.dk\/index.php\/wp-json\/wp\/v2\/media\/352"}],"wp:attachment":[{"href":"https:\/\/vejviseriditliv.dk\/index.php\/wp-json\/wp\/v2\/media?parent=739"}],"curies":[{"name":"wp","href":"https:\/\/api.w.org\/{rel}","templated":true}]}}